{"id":7,"date":"2023-10-23T18:15:02","date_gmt":"2023-10-23T16:15:02","guid":{"rendered":"https:\/\/origami-formations-sante.fr\/?page_id=7"},"modified":"2023-10-25T09:19:22","modified_gmt":"2023-10-25T07:19:22","slug":"lart-du-management-hospitalier-optimiser-lexcellence-des-soins","status":"publish","type":"page","link":"https:\/\/origami-formations-sante.fr\/index.php\/lart-du-management-hospitalier-optimiser-lexcellence-des-soins\/","title":{"rendered":"L&#8217;Art du Management Hospitalier : Optimiser l&#8217;Excellence des Soins"},"content":{"rendered":"\n<p>Le management hospitalier est une pi\u00e8ce ma\u00eetresse dans le puzzle complexe de la prestation des soins de sant\u00e9. Au-del\u00e0 de la gestion administrative, il joue un r\u00f4le crucial dans l&#8217;optimisation des ressources, l&#8217;am\u00e9lioration des performances, et surtout, la garantie d&#8217;une qualit\u00e9 exceptionnelle des soins. Cet article explore les principes cl\u00e9s du management hospitalier et son impact significatif sur la qualit\u00e9 des services de sant\u00e9.<\/p>\n\n\n\n<h2 class=\"wp-block-heading\"><strong>1. Leadership Visionnaire :<\/strong><\/h2>\n\n\n\n<p> <style>@font-face {font-family:Arial; panose-1:2 11 6 4 2 2 2 2 2 4; mso-font-charset:0; mso-generic-font-family:auto; mso-font-pitch:variable; mso-font-signature:-536859905 -1073711037 9 0 511 0;}@font-face {font-family:\"Cambria Math\"; panose-1:2 4 5 3 5 4 6 3 2 4; mso-font-charset:1; mso-generic-font-family:roman; mso-font-format:other; mso-font-pitch:variable; mso-font-signature:0 0 0 0 0 0;}@font-face {font-family:DengXian; panose-1:2 1 6 0 3 1 1 1 1 1; mso-font-charset:134; mso-generic-font-family:auto; mso-font-pitch:variable; mso-font-signature:-1610612033 953122042 22 0 262159 0;}@font-face {font-family:Calibri; panose-1:2 15 5 2 2 2 4 3 2 4; mso-font-charset:0; mso-generic-font-family:auto; mso-font-pitch:variable; mso-font-signature:-536870145 1073786111 1 0 415 0;}p.MsoNormal, li.MsoNormal, div.MsoNormal {mso-style-unhide:no; mso-style-qformat:yes; mso-style-parent:\"\"; margin:0cm; margin-bottom:.0001pt; mso-pagination:widow-orphan; font-size:12.0pt; font-family:Calibri; mso-ascii-font-family:Calibri; mso-ascii-theme-font:minor-latin; mso-fareast-font-family:DengXian; mso-fareast-theme-font:minor-fareast; mso-hansi-font-family:Calibri; mso-hansi-theme-font:minor-latin; mso-bidi-font-family:Arial; mso-bidi-theme-font:minor-bidi;}p {mso-style-noshow:yes; mso-style-priority:99; mso-margin-top-alt:auto; margin-right:0cm; mso-margin-bottom-alt:auto; margin-left:0cm; mso-pagination:widow-orphan; font-size:12.0pt; font-family:\"Times New Roman\"; mso-fareast-font-family:DengXian; mso-fareast-theme-font:minor-fareast;}.MsoChpDefault {mso-style-type:export-only; mso-default-props:yes; font-family:Calibri; mso-ascii-font-family:Calibri; mso-ascii-theme-font:minor-latin; mso-fareast-font-family:DengXian; mso-fareast-theme-font:minor-fareast; mso-hansi-font-family:Calibri; mso-hansi-theme-font:minor-latin; mso-bidi-font-family:Arial; mso-bidi-theme-font:minor-bidi;}div.WordSection1 {page:WordSection1;}<\/style><\/p>\n\n\n\n<h2 class=\"wp-block-heading\"><strong>2. Gestion Strat\u00e9gique des Ressources :<\/strong><\/h2>\n\n\n\n<p>Dans un contexte o\u00f9 les ressources sont souvent limit\u00e9es, la gestion judicieuse des ressources devient cruciale. Cela inclut une allocation efficace des budgets, une planification strat\u00e9gique des effectifs, et l&#8217;utilisation optimale des \u00e9quipements m\u00e9dicaux. Une approche strat\u00e9gique garantit une utilisation maximale des ressources disponibles pour am\u00e9liorer les soins et la satisfaction des patients.<\/p>\n\n\n\n<h2 class=\"wp-block-heading\"><strong>3. Culture de la Qualit\u00e9 et de la S\u00e9curit\u00e9 :<\/strong><\/h2>\n\n\n\n<p>La s\u00e9curit\u00e9 des patients est une priorit\u00e9 absolue en gestion hospitali\u00e8re. L&#8217;instauration d&#8217;une culture de la qualit\u00e9 et de la s\u00e9curit\u00e9 signifie un engagement continu envers l&#8217;am\u00e9lioration des processus, la formation du personnel sur les protocoles de s\u00e9curit\u00e9, et la mise en \u0153uvre de pratiques bas\u00e9es sur des donn\u00e9es probantes pour minimiser les erreurs m\u00e9dicales.<\/p>\n\n\n\n<h2 class=\"wp-block-heading\"><strong>4. Communication Transparente :<\/strong><\/h2>\n\n\n\n<p>Une communication transparente est essentielle \u00e0 tous les niveaux du management hospitalier. Elle favorise une collaboration efficace entre les diff\u00e9rents services, am\u00e9liore la coordination des soins, et renforce la confiance entre le personnel m\u00e9dical et administratif. Une communication ouverte contribue \u00e9galement \u00e0 la r\u00e9solution rapide des probl\u00e8mes et \u00e0 la prise de d\u00e9cisions inform\u00e9es.<\/p>\n\n\n\n<h2 class=\"wp-block-heading\"><strong>Management Hospitalier<\/strong><\/h2>\n\n\n\n<p>Le management hospitalier va bien au-del\u00e0 de la gestion quotidienne des t\u00e2ches administratives. Il fa\u00e7onne la culture organisationnelle, influence la qualit\u00e9 des soins, et impacte directement la vie des patients. En adoptant des pratiques de leadership visionnaire, une gestion strat\u00e9gique des ressources, une culture ax\u00e9e sur la qualit\u00e9 et une communication transparente, les \u00e9tablissements de sant\u00e9 peuvent cr\u00e9er un environnement propice \u00e0 l&#8217;excellence des soins. Un management hospitalier efficace est la cl\u00e9 pour relever les d\u00e9fis de la prestation des soins de sant\u00e9 et assurer un avenir prometteur pour les organisations hospitali\u00e8res.<\/p>\n\n\n\n<figure class=\"wp-block-embed is-type-video is-provider-youtube wp-block-embed-youtube wp-embed-aspect-16-9 wp-has-aspect-ratio\"><div class=\"wp-block-embed__wrapper\">\n<div class=\"ast-oembed-container\" style=\"height: 100%;\"><iframe loading=\"lazy\" title=\"Mieux manager l\u2019h\u00f4pital public : il faut aussi soigner le travail ! [Damien Collard]\" width=\"500\" height=\"281\" src=\"https:\/\/www.youtube.com\/embed\/afT3nRsMa04?feature=oembed\" frameborder=\"0\" allow=\"accelerometer; autoplay; clipboard-write; encrypted-media; gyroscope; picture-in-picture; web-share\" referrerpolicy=\"strict-origin-when-cross-origin\" allowfullscreen><\/iframe><\/div>\n<\/div><\/figure>\n","protected":false},"excerpt":{"rendered":"<p>Le management hospitalier est une pi\u00e8ce ma\u00eetresse dans le puzzle complexe de la prestation des soins de sant\u00e9. Au-del\u00e0 de la gestion administrative, il joue un r\u00f4le crucial dans l&#8217;optimisation des ressources, l&#8217;am\u00e9lioration des performances, et surtout, la garantie d&#8217;une qualit\u00e9 exceptionnelle des soins. Cet article explore les principes cl\u00e9s du management hospitalier et son &hellip;<\/p>\n<p class=\"read-more\"> <a class=\"\" href=\"https:\/\/origami-formations-sante.fr\/index.php\/lart-du-management-hospitalier-optimiser-lexcellence-des-soins\/\"> <span class=\"screen-reader-text\">L&#8217;Art du Management Hospitalier : Optimiser l&#8217;Excellence des Soins<\/span> Read More &raquo;<\/a><\/p>\n","protected":false},"author":1,"featured_media":0,"parent":0,"menu_order":0,"comment_status":"closed","ping_status":"closed","template":"","meta":{"site-sidebar-layout":"default","site-content-layout":"","ast-site-content-layout":"","site-content-style":"default","site-sidebar-style":"default","ast-global-header-display":"","ast-banner-title-visibility":"","ast-main-header-display":"","ast-hfb-above-header-display":"","ast-hfb-below-header-display":"","ast-hfb-mobile-header-display":"","site-post-title":"","ast-breadcrumbs-content":"","ast-featured-img":"","footer-sml-layout":"","theme-transparent-header-meta":"","adv-header-id-meta":"","stick-header-meta":"","header-above-stick-meta":"","header-main-stick-meta":"","header-below-stick-meta":"","astra-migrate-meta-layouts":"","ast-page-background-enabled":"default","ast-page-background-meta":{"desktop":{"background-color":"var(--ast-global-color-4)","background-image":"","background-repeat":"repeat","background-position":"center center","background-size":"auto","background-attachment":"scroll","background-type":"","background-media":"","overlay-type":"","overlay-color":"","overlay-gradient":""},"tablet":{"background-color":"","background-image":"","background-repeat":"repeat","background-position":"center center","background-size":"auto","background-attachment":"scroll","background-type":"","background-media":"","overlay-type":"","overlay-color":"","overlay-gradient":""},"mobile":{"background-color":"","background-image":"","background-repeat":"repeat","background-position":"center center","background-size":"auto","background-attachment":"scroll","background-type":"","background-media":"","overlay-type":"","overlay-color":"","overlay-gradient":""}},"ast-content-background-meta":{"desktop":{"background-color":"var(--ast-global-color-5)","background-image":"","background-repeat":"repeat","background-position":"center center","background-size":"auto","background-attachment":"scroll","background-type":"","background-media":"","overlay-type":"","overlay-color":"","overlay-gradient":""},"tablet":{"background-color":"var(--ast-global-color-5)","background-image":"","background-repeat":"repeat","background-position":"center center","background-size":"auto","background-attachment":"scroll","background-type":"","background-media":"","overlay-type":"","overlay-color":"","overlay-gradient":""},"mobile":{"background-color":"var(--ast-global-color-5)","background-image":"","background-repeat":"repeat","background-position":"center center","background-size":"auto","background-attachment":"scroll","background-type":"","background-media":"","overlay-type":"","overlay-color":"","overlay-gradient":""}},"footnotes":""},"class_list":["post-7","page","type-page","status-publish","hentry"],"_links":{"self":[{"href":"https:\/\/origami-formations-sante.fr\/index.php\/wp-json\/wp\/v2\/pages\/7","targetHints":{"allow":["GET"]}}],"collection":[{"href":"https:\/\/origami-formations-sante.fr\/index.php\/wp-json\/wp\/v2\/pages"}],"about":[{"href":"https:\/\/origami-formations-sante.fr\/index.php\/wp-json\/wp\/v2\/types\/page"}],"author":[{"embeddable":true,"href":"https:\/\/origami-formations-sante.fr\/index.php\/wp-json\/wp\/v2\/users\/1"}],"replies":[{"embeddable":true,"href":"https:\/\/origami-formations-sante.fr\/index.php\/wp-json\/wp\/v2\/comments?post=7"}],"version-history":[{"count":2,"href":"https:\/\/origami-formations-sante.fr\/index.php\/wp-json\/wp\/v2\/pages\/7\/revisions"}],"predecessor-version":[{"id":160,"href":"https:\/\/origami-formations-sante.fr\/index.php\/wp-json\/wp\/v2\/pages\/7\/revisions\/160"}],"wp:attachment":[{"href":"https:\/\/origami-formations-sante.fr\/index.php\/wp-json\/wp\/v2\/media?parent=7"}],"curies":[{"name":"wp","href":"https:\/\/api.w.org\/{rel}","templated":true}]}}